{"id":936,"date":"2021-11-28T12:24:17","date_gmt":"2021-11-28T12:24:17","guid":{"rendered":"https:\/\/dlopezartist.es\/?post_type=product&#038;p=936"},"modified":"2024-09-09T12:59:51","modified_gmt":"2024-09-09T12:59:51","slug":"ritmo","status":"publish","type":"product","link":"https:\/\/dlopezartist.es\/en\/tienda\/ultravioleta\/ritmo\/","title":{"rendered":"Cuadro Abstracto Ritmo"},"content":{"rendered":"<p>This 'Rhythm' painting is a truly unique work of art. With a combination of vivid and dynamic colors, each view of the painting is different from the last. But that's not all: this painting completely changes color under UV light! Watch the colors transform before your eyes in a stunning visual experience. The technique used by the artist to create this painting is a combination of layers of paint and a special effect that reacts to ultraviolet light, creating a truly magical work of art. This painting is a stunning piece for any modern, contemporary home or workspace, and will make your walls the center of attention in any room. Don't miss your chance to own this unique and stunning piece of art!<\/p>\n<p>&nbsp;<\/p>\n<p>Explore our <a href=\"https:\/\/dlopezartist.es\/en\/galeria\/\" target=\"_new\" rel=\"noreferrer noopener\">gallery<\/a> to see more works.<\/p>\n<p>&nbsp;<\/p>\n<p>To learn more go to <a href=\"http:\/\/instagram.com\/dlopezartist\">instagram<\/a>.<\/p>","protected":false},"excerpt":{"rendered":"<p>Este cuadro &#8216;Ritmo&#8217; es una obra de arte verdaderamente \u00fanica. Con una combinaci\u00f3n de colores vivos y din\u00e1micos, cada vista del cuadro es diferente a la anterior. Pero eso no es todo: \u00a1este cuadro cambia de color por completo bajo la luz ultravioleta! Mira c\u00f3mo los colores se transforman ante tus ojos en una experiencia [&hellip;]<\/p>","protected":false},"featured_media":937,"template":"","meta":{"_uf_show_specific_survey":0,"_uf_disable_surveys":false,"site-sidebar-layout":"default","site-content-layout":"default","ast-site-content-layout":"default","site-content-style":"default","site-sidebar-style":"default","ast-global-header-display":"","ast-banner-title-visibility":"","ast-main-header-display":"","ast-hfb-above-header-display":"","ast-hfb-below-header-display":"","ast-hfb-mobile-header-display":"","site-post-title":"","ast-breadcrumbs-content":"","ast-featured-img":"","footer-sml-layout":"","theme-transparent-header-meta":"default","adv-header-id-meta":"","stick-header-meta":"","header-above-stick-meta":"","header-main-stick-meta":"","header-below-stick-meta":"","astra-migrate-meta-layouts":"set","ast-page-background-enabled":"default","ast-page-background-meta":{"desktop":{"background-color":"var(--ast-global-color-4)","background-image":"","background-repeat":"repeat","background-position":"center center","background-size":"auto","background-attachment":"scroll","background-type":"","background-media":"","overlay-type":"","overlay-color":"","overlay-opacity":"","overlay-gradient":""},"tablet":{"background-color":"","background-image":"","background-repeat":"repeat","background-position":"center center","background-size":"auto","background-attachment":"scroll","background-type":"","background-media":"","overlay-type":"","overlay-color":"","overlay-opacity":"","overlay-gradient":""},"mobile":{"background-color":"","background-image":"","background-repeat":"repeat","background-position":"center center","background-size":"auto","background-attachment":"scroll","background-type":"","background-media":"","overlay-type":"","overlay-color":"","overlay-opacity":"","overlay-gradient":""}},"ast-content-background-meta":{"desktop":{"background-color":"var(--ast-global-color-5)","background-image":"","background-repeat":"repeat","background-position":"center center","background-size":"auto","background-attachment":"scroll","background-type":"","background-media":"","overlay-type":"","overlay-color":"","overlay-opacity":"","overlay-gradient":""},"tablet":{"background-color":"var(--ast-global-color-5)","background-image":"","background-repeat":"repeat","background-position":"center center","background-size":"auto","background-attachment":"scroll","background-type":"","background-media":"","overlay-type":"","overlay-color":"","overlay-opacity":"","overlay-gradient":""},"mobile":{"background-color":"var(--ast-global-color-5)","background-image":"","background-repeat":"repeat","background-position":"center center","background-size":"auto","background-attachment":"scroll","background-type":"","background-media":"","overlay-type":"","overlay-color":"","overlay-opacity":"","overlay-gradient":""}}},"product_brand":[],"product_cat":[17],"product_tag":[],"class_list":{"0":"post-936","1":"product","2":"type-product","3":"status-publish","4":"has-post-thumbnail","6":"product_cat-ultravioleta","7":"desktop-align-left","8":"tablet-align-left","9":"mobile-align-left","11":"first","12":"instock","13":"sold-individually","14":"taxable","15":"shipping-taxable","16":"purchasable","17":"product-type-simple"},"aioseo_notices":[],"_links":{"self":[{"href":"https:\/\/dlopezartist.es\/en\/wp-json\/wp\/v2\/product\/936","targetHints":{"allow":["GET"]}}],"collection":[{"href":"https:\/\/dlopezartist.es\/en\/wp-json\/wp\/v2\/product"}],"about":[{"href":"https:\/\/dlopezartist.es\/en\/wp-json\/wp\/v2\/types\/product"}],"wp:featuredmedia":[{"embeddable":true,"href":"https:\/\/dlopezartist.es\/en\/wp-json\/wp\/v2\/media\/937"}],"wp:attachment":[{"href":"https:\/\/dlopezartist.es\/en\/wp-json\/wp\/v2\/media?parent=936"}],"wp:term":[{"taxonomy":"product_brand","embeddable":true,"href":"https:\/\/dlopezartist.es\/en\/wp-json\/wp\/v2\/product_brand?post=936"},{"taxonomy":"product_cat","embeddable":true,"href":"https:\/\/dlopezartist.es\/en\/wp-json\/wp\/v2\/product_cat?post=936"},{"taxonomy":"product_tag","embeddable":true,"href":"https:\/\/dlopezartist.es\/en\/wp-json\/wp\/v2\/product_tag?post=936"}],"curies":[{"name":"wp","href":"https:\/\/api.w.org\/{rel}","templated":true}]}}