{"id":933,"date":"2021-11-28T12:21:05","date_gmt":"2021-11-28T12:21:05","guid":{"rendered":"https:\/\/dlopezartist.es\/?post_type=product&#038;p=933"},"modified":"2024-09-09T13:00:05","modified_gmt":"2024-09-09T13:00:05","slug":"ventisca","status":"publish","type":"product","link":"https:\/\/dlopezartist.es\/en\/tienda\/pastel\/ventisca\/","title":{"rendered":"Cuadro Abstracto Ventisca"},"content":{"rendered":"<p>This 'Blizzard' painting is an authentic storm of colors that evokes the intensity of a winter blizzard. Red and blue tones mix with green and gold to create a unique chromatic symphony. The splashed black provides an interesting texture to the work and contrasts with the more vibrant colors, while the white creates a breathing space that balances the whole. Each brushstroke and stroke combine harmoniously to create a chaotic but fascinating composition. \"Blizzard\" is the name of this painting that, without a doubt, will be the center of attention in any space where it is found.<\/p>\n<p>&nbsp;<\/p>\n<p>Explore our <a href=\"https:\/\/dlopezartist.es\/en\/galeria\/\" target=\"_new\" rel=\"noreferrer noopener\">gallery<\/a> to see more works.<\/p>\n<p>&nbsp;<\/p>\n<p>To learn more go to <a href=\"http:\/\/instagram.com\/dlopezartist\">instagram<\/a>.<\/p>","protected":false},"excerpt":{"rendered":"<p>Este cuadro &#8216;Ventisca&#8217; es una aut\u00e9ntica tormenta de colores que evoca la intensidad de una ventisca invernal. Los tonos rojos y azules se mezclan con el verde y el dorado para crear una sinfon\u00eda crom\u00e1tica \u00fanica. El negro salpicado aporta una textura interesante a la obra y contrasta con los colores m\u00e1s vibrantes, mientras que [&hellip;]<\/p>","protected":false},"featured_media":935,"template":"","meta":{"_uf_show_specific_survey":0,"_uf_disable_surveys":false,"site-sidebar-layout":"default","site-content-layout":"default","ast-site-content-layout":"default","site-content-style":"default","site-sidebar-style":"default","ast-global-header-display":"","ast-banner-title-visibility":"","ast-main-header-display":"","ast-hfb-above-header-display":"","ast-hfb-below-header-display":"","ast-hfb-mobile-header-display":"","site-post-title":"","ast-breadcrumbs-content":"","ast-featured-img":"","footer-sml-layout":"","theme-transparent-header-meta":"default","adv-header-id-meta":"","stick-header-meta":"","header-above-stick-meta":"","header-main-stick-meta":"","header-below-stick-meta":"","astra-migrate-meta-layouts":"set","ast-page-background-enabled":"default","ast-page-background-meta":{"desktop":{"background-color":"var(--ast-global-color-4)","background-image":"","background-repeat":"repeat","background-position":"center center","background-size":"auto","background-attachment":"scroll","background-type":"","background-media":"","overlay-type":"","overlay-color":"","overlay-opacity":"","overlay-gradient":""},"tablet":{"background-color":"","background-image":"","background-repeat":"repeat","background-position":"center center","background-size":"auto","background-attachment":"scroll","background-type":"","background-media":"","overlay-type":"","overlay-color":"","overlay-opacity":"","overlay-gradient":""},"mobile":{"background-color":"","background-image":"","background-repeat":"repeat","background-position":"center center","background-size":"auto","background-attachment":"scroll","background-type":"","background-media":"","overlay-type":"","overlay-color":"","overlay-opacity":"","overlay-gradient":""}},"ast-content-background-meta":{"desktop":{"background-color":"var(--ast-global-color-5)","background-image":"","background-repeat":"repeat","background-position":"center center","background-size":"auto","background-attachment":"scroll","background-type":"","background-media":"","overlay-type":"","overlay-color":"","overlay-opacity":"","overlay-gradient":""},"tablet":{"background-color":"var(--ast-global-color-5)","background-image":"","background-repeat":"repeat","background-position":"center center","background-size":"auto","background-attachment":"scroll","background-type":"","background-media":"","overlay-type":"","overlay-color":"","overlay-opacity":"","overlay-gradient":""},"mobile":{"background-color":"var(--ast-global-color-5)","background-image":"","background-repeat":"repeat","background-position":"center center","background-size":"auto","background-attachment":"scroll","background-type":"","background-media":"","overlay-type":"","overlay-color":"","overlay-opacity":"","overlay-gradient":""}}},"product_brand":[],"product_cat":[19],"product_tag":[],"class_list":{"0":"post-933","1":"product","2":"type-product","3":"status-publish","4":"has-post-thumbnail","6":"product_cat-pastel","7":"desktop-align-left","8":"tablet-align-left","9":"mobile-align-left","11":"first","12":"outofstock","13":"sold-individually","14":"taxable","15":"shipping-taxable","16":"purchasable","17":"product-type-simple"},"aioseo_notices":[],"_links":{"self":[{"href":"https:\/\/dlopezartist.es\/en\/wp-json\/wp\/v2\/product\/933","targetHints":{"allow":["GET"]}}],"collection":[{"href":"https:\/\/dlopezartist.es\/en\/wp-json\/wp\/v2\/product"}],"about":[{"href":"https:\/\/dlopezartist.es\/en\/wp-json\/wp\/v2\/types\/product"}],"wp:featuredmedia":[{"embeddable":true,"href":"https:\/\/dlopezartist.es\/en\/wp-json\/wp\/v2\/media\/935"}],"wp:attachment":[{"href":"https:\/\/dlopezartist.es\/en\/wp-json\/wp\/v2\/media?parent=933"}],"wp:term":[{"taxonomy":"product_brand","embeddable":true,"href":"https:\/\/dlopezartist.es\/en\/wp-json\/wp\/v2\/product_brand?post=933"},{"taxonomy":"product_cat","embeddable":true,"href":"https:\/\/dlopezartist.es\/en\/wp-json\/wp\/v2\/product_cat?post=933"},{"taxonomy":"product_tag","embeddable":true,"href":"https:\/\/dlopezartist.es\/en\/wp-json\/wp\/v2\/product_tag?post=933"}],"curies":[{"name":"wp","href":"https:\/\/api.w.org\/{rel}","templated":true}]}}