{"id":926,"date":"2021-11-27T14:05:57","date_gmt":"2021-11-27T14:05:57","guid":{"rendered":"https:\/\/dlopezartist.es\/?post_type=product&#038;p=926"},"modified":"2025-02-01T11:21:33","modified_gmt":"2025-02-01T11:21:33","slug":"algodon-de-azucar-ii","status":"publish","type":"product","link":"https:\/\/dlopezartist.es\/en\/tienda\/pastel\/algodon-de-azucar-ii\/","title":{"rendered":"Cuadro Algod\u00f3n de Az\u00facar II"},"content":{"rendered":"<p>This Cotton Candy II painting is a delicious combination of pastel colors and curvilinear shapes that evoke the sweet and attractive cotton candy at fairs. The artist has used a layering technique to create a smooth, silky texture that mimics the feel of cotton candy in the mouth. The work is a mixture of pink, blue and gold tones that intertwine in a dance of curves and turns, creating a sensation of sweetness and joy in the viewer. This abstract painting is the perfect addition to any home looking for a sweet and charming piece of art that brings a touch of fun and happiness to the decor. Make your home sweeter with this painting inspired by cotton candy at fairs! Add \u2018Algod\u00f3n de Az\u00facar II D. L\u00f3pez\u2019 to your collection today and bring a touch of sweetness and serenity to your environment.<\/p>\n<p>&nbsp;<\/p>\n<p>Explore our <a href=\"https:\/\/dlopezartist.es\/en\/galeria\/\" target=\"_new\" rel=\"noreferrer noopener\">gallery<\/a> to see more works.<\/p>\n<p>&nbsp;<\/p>\n<p>To learn more go to <a href=\"http:\/\/instagram.com\/dlopezartist\">instagram<\/a>.<\/p>","protected":false},"excerpt":{"rendered":"<p>Este cuadro Algod\u00f3n de Az\u00facar II es una deliciosa combinaci\u00f3n de colores pastel y formas curvil\u00edneas que evocan el dulce y atractivo algod\u00f3n de az\u00facar de las ferias. El artista ha utilizado una t\u00e9cnica de capas para crear una textura suave y sedosa que imita la sensaci\u00f3n del algod\u00f3n de az\u00facar en la boca. La [&hellip;]<\/p>","protected":false},"featured_media":929,"template":"","meta":{"_uf_show_specific_survey":0,"_uf_disable_surveys":false,"site-sidebar-layout":"default","site-content-layout":"default","ast-site-content-layout":"default","site-content-style":"default","site-sidebar-style":"default","ast-global-header-display":"","ast-banner-title-visibility":"","ast-main-header-display":"","ast-hfb-above-header-display":"","ast-hfb-below-header-display":"","ast-hfb-mobile-header-display":"","site-post-title":"","ast-breadcrumbs-content":"","ast-featured-img":"","footer-sml-layout":"","theme-transparent-header-meta":"default","adv-header-id-meta":"","stick-header-meta":"","header-above-stick-meta":"","header-main-stick-meta":"","header-below-stick-meta":"","astra-migrate-meta-layouts":"set","ast-page-background-enabled":"default","ast-page-background-meta":{"desktop":{"background-color":"var(--ast-global-color-4)","background-image":"","background-repeat":"repeat","background-position":"center center","background-size":"auto","background-attachment":"scroll","background-type":"","background-media":"","overlay-type":"","overlay-color":"","overlay-opacity":"","overlay-gradient":""},"tablet":{"background-color":"","background-image":"","background-repeat":"repeat","background-position":"center center","background-size":"auto","background-attachment":"scroll","background-type":"","background-media":"","overlay-type":"","overlay-color":"","overlay-opacity":"","overlay-gradient":""},"mobile":{"background-color":"","background-image":"","background-repeat":"repeat","background-position":"center center","background-size":"auto","background-attachment":"scroll","background-type":"","background-media":"","overlay-type":"","overlay-color":"","overlay-opacity":"","overlay-gradient":""}},"ast-content-background-meta":{"desktop":{"background-color":"var(--ast-global-color-5)","background-image":"","background-repeat":"repeat","background-position":"center center","background-size":"auto","background-attachment":"scroll","background-type":"","background-media":"","overlay-type":"","overlay-color":"","overlay-opacity":"","overlay-gradient":""},"tablet":{"background-color":"var(--ast-global-color-5)","background-image":"","background-repeat":"repeat","background-position":"center center","background-size":"auto","background-attachment":"scroll","background-type":"","background-media":"","overlay-type":"","overlay-color":"","overlay-opacity":"","overlay-gradient":""},"mobile":{"background-color":"var(--ast-global-color-5)","background-image":"","background-repeat":"repeat","background-position":"center center","background-size":"auto","background-attachment":"scroll","background-type":"","background-media":"","overlay-type":"","overlay-color":"","overlay-opacity":"","overlay-gradient":""}}},"product_brand":[],"product_cat":[19],"product_tag":[],"class_list":{"0":"post-926","1":"product","2":"type-product","3":"status-publish","4":"has-post-thumbnail","6":"product_cat-pastel","7":"desktop-align-left","8":"tablet-align-left","9":"mobile-align-left","11":"first","12":"instock","13":"sold-individually","14":"taxable","15":"shipping-taxable","16":"purchasable","17":"product-type-simple"},"aioseo_notices":[],"_links":{"self":[{"href":"https:\/\/dlopezartist.es\/en\/wp-json\/wp\/v2\/product\/926","targetHints":{"allow":["GET"]}}],"collection":[{"href":"https:\/\/dlopezartist.es\/en\/wp-json\/wp\/v2\/product"}],"about":[{"href":"https:\/\/dlopezartist.es\/en\/wp-json\/wp\/v2\/types\/product"}],"wp:featuredmedia":[{"embeddable":true,"href":"https:\/\/dlopezartist.es\/en\/wp-json\/wp\/v2\/media\/929"}],"wp:attachment":[{"href":"https:\/\/dlopezartist.es\/en\/wp-json\/wp\/v2\/media?parent=926"}],"wp:term":[{"taxonomy":"product_brand","embeddable":true,"href":"https:\/\/dlopezartist.es\/en\/wp-json\/wp\/v2\/product_brand?post=926"},{"taxonomy":"product_cat","embeddable":true,"href":"https:\/\/dlopezartist.es\/en\/wp-json\/wp\/v2\/product_cat?post=926"},{"taxonomy":"product_tag","embeddable":true,"href":"https:\/\/dlopezartist.es\/en\/wp-json\/wp\/v2\/product_tag?post=926"}],"curies":[{"name":"wp","href":"https:\/\/api.w.org\/{rel}","templated":true}]}}