{"id":860,"date":"2021-09-29T17:02:28","date_gmt":"2021-09-29T17:02:28","guid":{"rendered":"https:\/\/dlopezartist.es\/?post_type=product&#038;p=860"},"modified":"2025-02-01T11:21:52","modified_gmt":"2025-02-01T11:21:52","slug":"bolboreta","status":"publish","type":"product","link":"https:\/\/dlopezartist.es\/en\/tienda\/pastel\/bolboreta\/","title":{"rendered":"Cuadro Bolboreta"},"content":{"rendered":"<p>The painting \u2018Bolboreta\u2019 is an abstract artwork that represents the beauty and elegance of a butterfly. The colors chosen by the artist are primarily purples, whites, and golds, which together create an ethereal and delicate atmosphere. The predominant purple evokes a sense of mystery and magic, while touches of white and gold give it an air of sophistication and elegance. The artist\u2019s technique is impressive, with soft and fluid strokes that suggest the sense of movement and freedom characteristic of butterflies. Each time the painting is viewed, new details and forms are discovered, making it even more fascinating. The painting \u2018Bolboreta\u2019 is an invitation to dream and be carried away by the beauty of nature, and it is a wonderful addition to any home or creative space. This artwork is a constant source of inspiration for those who seek beauty in the simplest and most ephemeral things.<\/p>\n<p>&nbsp;<\/p>\n<p>Add 'Bolboreta D. L\u00f3pez' to your collection today and bring a touch of color and energy to your environment.<\/p>\n<p>&nbsp;<\/p>\n<p>Explore our <a href=\"https:\/\/dlopezartist.es\/en\/galeria\/\" target=\"_new\" rel=\"noreferrer noopener\">gallery<\/a> to see more works.<\/p>\n<p>&nbsp;<\/p>\n<p>To learn more go to <a href=\"http:\/\/instagram.com\/dlopezartist\">instagram<\/a>.<\/p>","protected":false},"excerpt":{"rendered":"<p>El cuadro &#8216;Bolboreta&#8217; es una obra de arte abstracta que representa la belleza y elegancia de una mariposa. Los tonos elegidos por el artista son principalmente morados, blancos y dorados, que juntos crean una atm\u00f3sfera et\u00e9rea y delicada. El color morado predominante evoca la sensaci\u00f3n de misterio y magia, mientras que los toques de blanco [&hellip;]<\/p>","protected":false},"featured_media":421,"template":"","meta":{"_uf_show_specific_survey":0,"_uf_disable_surveys":false,"site-sidebar-layout":"default","site-content-layout":"default","ast-site-content-layout":"default","site-content-style":"default","site-sidebar-style":"default","ast-global-header-display":"","ast-banner-title-visibility":"","ast-main-header-display":"","ast-hfb-above-header-display":"","ast-hfb-below-header-display":"","ast-hfb-mobile-header-display":"","site-post-title":"","ast-breadcrumbs-content":"","ast-featured-img":"","footer-sml-layout":"","theme-transparent-header-meta":"default","adv-header-id-meta":"","stick-header-meta":"","header-above-stick-meta":"","header-main-stick-meta":"","header-below-stick-meta":"","astra-migrate-meta-layouts":"set","ast-page-background-enabled":"default","ast-page-background-meta":{"desktop":{"background-color":"var(--ast-global-color-4)","background-image":"","background-repeat":"repeat","background-position":"center center","background-size":"auto","background-attachment":"scroll","background-type":"","background-media":"","overlay-type":"","overlay-color":"","overlay-opacity":"","overlay-gradient":""},"tablet":{"background-color":"","background-image":"","background-repeat":"repeat","background-position":"center center","background-size":"auto","background-attachment":"scroll","background-type":"","background-media":"","overlay-type":"","overlay-color":"","overlay-opacity":"","overlay-gradient":""},"mobile":{"background-color":"","background-image":"","background-repeat":"repeat","background-position":"center center","background-size":"auto","background-attachment":"scroll","background-type":"","background-media":"","overlay-type":"","overlay-color":"","overlay-opacity":"","overlay-gradient":""}},"ast-content-background-meta":{"desktop":{"background-color":"var(--ast-global-color-5)","background-image":"","background-repeat":"repeat","background-position":"center center","background-size":"auto","background-attachment":"scroll","background-type":"","background-media":"","overlay-type":"","overlay-color":"","overlay-opacity":"","overlay-gradient":""},"tablet":{"background-color":"var(--ast-global-color-5)","background-image":"","background-repeat":"repeat","background-position":"center center","background-size":"auto","background-attachment":"scroll","background-type":"","background-media":"","overlay-type":"","overlay-color":"","overlay-opacity":"","overlay-gradient":""},"mobile":{"background-color":"var(--ast-global-color-5)","background-image":"","background-repeat":"repeat","background-position":"center center","background-size":"auto","background-attachment":"scroll","background-type":"","background-media":"","overlay-type":"","overlay-color":"","overlay-opacity":"","overlay-gradient":""}}},"product_brand":[],"product_cat":[19],"product_tag":[],"class_list":{"0":"post-860","1":"product","2":"type-product","3":"status-publish","4":"has-post-thumbnail","6":"product_cat-pastel","7":"desktop-align-left","8":"tablet-align-left","9":"mobile-align-left","11":"first","12":"instock","13":"sold-individually","14":"taxable","15":"shipping-taxable","16":"purchasable","17":"product-type-simple"},"aioseo_notices":[],"_links":{"self":[{"href":"https:\/\/dlopezartist.es\/en\/wp-json\/wp\/v2\/product\/860","targetHints":{"allow":["GET"]}}],"collection":[{"href":"https:\/\/dlopezartist.es\/en\/wp-json\/wp\/v2\/product"}],"about":[{"href":"https:\/\/dlopezartist.es\/en\/wp-json\/wp\/v2\/types\/product"}],"wp:featuredmedia":[{"embeddable":true,"href":"https:\/\/dlopezartist.es\/en\/wp-json\/wp\/v2\/media\/421"}],"wp:attachment":[{"href":"https:\/\/dlopezartist.es\/en\/wp-json\/wp\/v2\/media?parent=860"}],"wp:term":[{"taxonomy":"product_brand","embeddable":true,"href":"https:\/\/dlopezartist.es\/en\/wp-json\/wp\/v2\/product_brand?post=860"},{"taxonomy":"product_cat","embeddable":true,"href":"https:\/\/dlopezartist.es\/en\/wp-json\/wp\/v2\/product_cat?post=860"},{"taxonomy":"product_tag","embeddable":true,"href":"https:\/\/dlopezartist.es\/en\/wp-json\/wp\/v2\/product_tag?post=860"}],"curies":[{"name":"wp","href":"https:\/\/api.w.org\/{rel}","templated":true}]}}