{"id":587,"date":"2021-09-02T21:08:49","date_gmt":"2021-09-02T21:08:49","guid":{"rendered":"https:\/\/dlopezartist.es\/?post_type=product&#038;p=587"},"modified":"2024-09-09T13:00:48","modified_gmt":"2024-09-09T13:00:48","slug":"pop","status":"publish","type":"product","link":"https:\/\/dlopezartist.es\/en\/tienda\/ultravioleta\/pop\/","title":{"rendered":"Cuadro Abstracto Pop"},"content":{"rendered":"<p>The \u201cPop\u201d painting is an explosion of vibrant, pop colors that is sure to attract the attention of anyone who sees it. The artist has used a layered painting technique that creates a sense of depth and texture, adding even more visual interest to the work. Bright shades of pink, blue and orange combine to create a striking effect that makes this painting a truly unique piece. Additionally, under ultraviolet light, the colors of the painting change and transform into a stunning visual experience that will leave viewers in awe. This abstract painting is perfect for those looking for a modern and eye-catching piece of art to complement the decor of their home or workspace. Don't miss your chance to own this stunning pop art that is sure to make you smile every time you see it!<\/p>\n<p>&nbsp;<\/p>\n<p><strong>Add \u2018Pop Ultravioleta D. L\u00f3pez\u2019 to your collection today and bring a touch of color and energy to your environment.<\/strong><\/p>\n<p>'Pop' stands out for its explosion of bright and contrasting colors, with predominant shades of neon pink, intense yellow and electric blue. This work captures the energy and dynamism of pop art, adding a bold modern touch to any space.<\/p>\n<p>&nbsp;<\/p>","protected":false},"excerpt":{"rendered":"<p>El cuadro \u00abPop\u00bb es una explosi\u00f3n de colores vibrantes y pop que seguramente atraer\u00e1 la atenci\u00f3n de cualquier persona que lo vea. El artista ha utilizado una t\u00e9cnica de pintura en capas que crea una sensaci\u00f3n de profundidad y textura, agregando a\u00fan m\u00e1s inter\u00e9s visual a la obra. Los tonos brillantes de rosa, azul y [&hellip;]<\/p>","protected":false},"featured_media":588,"template":"","meta":{"_uf_show_specific_survey":0,"_uf_disable_surveys":false,"site-sidebar-layout":"default","site-content-layout":"default","ast-site-content-layout":"default","site-content-style":"default","site-sidebar-style":"default","ast-global-header-display":"","ast-banner-title-visibility":"","ast-main-header-display":"","ast-hfb-above-header-display":"","ast-hfb-below-header-display":"","ast-hfb-mobile-header-display":"","site-post-title":"","ast-breadcrumbs-content":"","ast-featured-img":"","footer-sml-layout":"","theme-transparent-header-meta":"default","adv-header-id-meta":"","stick-header-meta":"","header-above-stick-meta":"","header-main-stick-meta":"","header-below-stick-meta":"","astra-migrate-meta-layouts":"set","ast-page-background-enabled":"default","ast-page-background-meta":{"desktop":{"background-color":"var(--ast-global-color-4)","background-image":"","background-repeat":"repeat","background-position":"center center","background-size":"auto","background-attachment":"scroll","background-type":"","background-media":"","overlay-type":"","overlay-color":"","overlay-opacity":"","overlay-gradient":""},"tablet":{"background-color":"","background-image":"","background-repeat":"repeat","background-position":"center center","background-size":"auto","background-attachment":"scroll","background-type":"","background-media":"","overlay-type":"","overlay-color":"","overlay-opacity":"","overlay-gradient":""},"mobile":{"background-color":"","background-image":"","background-repeat":"repeat","background-position":"center center","background-size":"auto","background-attachment":"scroll","background-type":"","background-media":"","overlay-type":"","overlay-color":"","overlay-opacity":"","overlay-gradient":""}},"ast-content-background-meta":{"desktop":{"background-color":"var(--ast-global-color-5)","background-image":"","background-repeat":"repeat","background-position":"center center","background-size":"auto","background-attachment":"scroll","background-type":"","background-media":"","overlay-type":"","overlay-color":"","overlay-opacity":"","overlay-gradient":""},"tablet":{"background-color":"var(--ast-global-color-5)","background-image":"","background-repeat":"repeat","background-position":"center center","background-size":"auto","background-attachment":"scroll","background-type":"","background-media":"","overlay-type":"","overlay-color":"","overlay-opacity":"","overlay-gradient":""},"mobile":{"background-color":"var(--ast-global-color-5)","background-image":"","background-repeat":"repeat","background-position":"center center","background-size":"auto","background-attachment":"scroll","background-type":"","background-media":"","overlay-type":"","overlay-color":"","overlay-opacity":"","overlay-gradient":""}}},"product_brand":[],"product_cat":[17],"product_tag":[],"class_list":{"0":"post-587","1":"product","2":"type-product","3":"status-publish","4":"has-post-thumbnail","6":"product_cat-ultravioleta","7":"desktop-align-left","8":"tablet-align-left","9":"mobile-align-left","11":"first","12":"instock","13":"sold-individually","14":"taxable","15":"shipping-taxable","16":"purchasable","17":"product-type-simple"},"aioseo_notices":[],"_links":{"self":[{"href":"https:\/\/dlopezartist.es\/en\/wp-json\/wp\/v2\/product\/587","targetHints":{"allow":["GET"]}}],"collection":[{"href":"https:\/\/dlopezartist.es\/en\/wp-json\/wp\/v2\/product"}],"about":[{"href":"https:\/\/dlopezartist.es\/en\/wp-json\/wp\/v2\/types\/product"}],"wp:featuredmedia":[{"embeddable":true,"href":"https:\/\/dlopezartist.es\/en\/wp-json\/wp\/v2\/media\/588"}],"wp:attachment":[{"href":"https:\/\/dlopezartist.es\/en\/wp-json\/wp\/v2\/media?parent=587"}],"wp:term":[{"taxonomy":"product_brand","embeddable":true,"href":"https:\/\/dlopezartist.es\/en\/wp-json\/wp\/v2\/product_brand?post=587"},{"taxonomy":"product_cat","embeddable":true,"href":"https:\/\/dlopezartist.es\/en\/wp-json\/wp\/v2\/product_cat?post=587"},{"taxonomy":"product_tag","embeddable":true,"href":"https:\/\/dlopezartist.es\/en\/wp-json\/wp\/v2\/product_tag?post=587"}],"curies":[{"name":"wp","href":"https:\/\/api.w.org\/{rel}","templated":true}]}}