{"id":230,"date":"2021-08-27T07:46:47","date_gmt":"2021-08-27T07:46:47","guid":{"rendered":"https:\/\/dlopezartist.es\/?post_type=product&#038;p=230"},"modified":"2024-09-09T13:01:25","modified_gmt":"2024-09-09T13:01:25","slug":"miasma","status":"publish","type":"product","link":"https:\/\/dlopezartist.es\/en\/tienda\/ultravioleta\/miasma\/","title":{"rendered":"Cuadro Abstracto Miasma"},"content":{"rendered":"<p>'Miasma' stands out for its combination of dark and vibrant colors, with predominant tones of deep blue, cobalt blue and flashes of neon green. This work captures the essence of mystery and ethereal atmosphere, adding an intriguing and contemporary touch to any space.<\/p>\n<p>&nbsp;<\/p>\n<p>Add 'Miasma Ultravioleta D. L\u00f3pez' to your collection today and bring a touch of mystery and modernity to your environment.<\/p>\n<p>&nbsp;<\/p>\n<p>Explore our <a href=\"https:\/\/dlopezartist.es\/en\/galeria\/\" target=\"_new\" rel=\"noreferrer noopener\">gallery<\/a> to see more works.<\/p>\n<p>&nbsp;<\/p>\n<p>To learn more go to <a href=\"http:\/\/instagram.com\/dlopezartist\">instagram<\/a>.<\/p>","protected":false},"excerpt":{"rendered":"<p>&#8216;Miasma&#8217; destaca por su combinaci\u00f3n de colores oscuros y vibrantes, con tonos predominantes de azul profundo, azul cobalto y destellos de ne\u00f3n verde. Esta obra captura la esencia del misterio y la atm\u00f3sfera et\u00e9rea, a\u00f1adiendo un toque intrigante y contempor\u00e1neo a cualquier espacio. &nbsp; A\u00f1ade &#8216;Miasma Ultravioleta D. L\u00f3pez&#8217; a tu colecci\u00f3n hoy y aporta [&hellip;]<\/p>","protected":false},"featured_media":231,"template":"","meta":{"_uf_show_specific_survey":0,"_uf_disable_surveys":false,"site-sidebar-layout":"default","site-content-layout":"default","ast-site-content-layout":"default","site-content-style":"default","site-sidebar-style":"default","ast-global-header-display":"","ast-banner-title-visibility":"","ast-main-header-display":"","ast-hfb-above-header-display":"","ast-hfb-below-header-display":"","ast-hfb-mobile-header-display":"","site-post-title":"","ast-breadcrumbs-content":"","ast-featured-img":"","footer-sml-layout":"","theme-transparent-header-meta":"default","adv-header-id-meta":"","stick-header-meta":"","header-above-stick-meta":"","header-main-stick-meta":"","header-below-stick-meta":"","astra-migrate-meta-layouts":"set","ast-page-background-enabled":"default","ast-page-background-meta":{"desktop":{"background-color":"var(--ast-global-color-4)","background-image":"","background-repeat":"repeat","background-position":"center center","background-size":"auto","background-attachment":"scroll","background-type":"","background-media":"","overlay-type":"","overlay-color":"","overlay-opacity":"","overlay-gradient":""},"tablet":{"background-color":"","background-image":"","background-repeat":"repeat","background-position":"center center","background-size":"auto","background-attachment":"scroll","background-type":"","background-media":"","overlay-type":"","overlay-color":"","overlay-opacity":"","overlay-gradient":""},"mobile":{"background-color":"","background-image":"","background-repeat":"repeat","background-position":"center center","background-size":"auto","background-attachment":"scroll","background-type":"","background-media":"","overlay-type":"","overlay-color":"","overlay-opacity":"","overlay-gradient":""}},"ast-content-background-meta":{"desktop":{"background-color":"var(--ast-global-color-5)","background-image":"","background-repeat":"repeat","background-position":"center center","background-size":"auto","background-attachment":"scroll","background-type":"","background-media":"","overlay-type":"","overlay-color":"","overlay-opacity":"","overlay-gradient":""},"tablet":{"background-color":"var(--ast-global-color-5)","background-image":"","background-repeat":"repeat","background-position":"center center","background-size":"auto","background-attachment":"scroll","background-type":"","background-media":"","overlay-type":"","overlay-color":"","overlay-opacity":"","overlay-gradient":""},"mobile":{"background-color":"var(--ast-global-color-5)","background-image":"","background-repeat":"repeat","background-position":"center center","background-size":"auto","background-attachment":"scroll","background-type":"","background-media":"","overlay-type":"","overlay-color":"","overlay-opacity":"","overlay-gradient":""}}},"product_brand":[],"product_cat":[18,17],"product_tag":[],"class_list":{"0":"post-230","1":"product","2":"type-product","3":"status-publish","4":"has-post-thumbnail","6":"product_cat-luminiscente","7":"product_cat-ultravioleta","8":"desktop-align-left","9":"tablet-align-left","10":"mobile-align-left","12":"first","13":"outofstock","14":"taxable","15":"shipping-taxable","16":"purchasable","17":"product-type-simple"},"aioseo_notices":[],"_links":{"self":[{"href":"https:\/\/dlopezartist.es\/en\/wp-json\/wp\/v2\/product\/230","targetHints":{"allow":["GET"]}}],"collection":[{"href":"https:\/\/dlopezartist.es\/en\/wp-json\/wp\/v2\/product"}],"about":[{"href":"https:\/\/dlopezartist.es\/en\/wp-json\/wp\/v2\/types\/product"}],"wp:featuredmedia":[{"embeddable":true,"href":"https:\/\/dlopezartist.es\/en\/wp-json\/wp\/v2\/media\/231"}],"wp:attachment":[{"href":"https:\/\/dlopezartist.es\/en\/wp-json\/wp\/v2\/media?parent=230"}],"wp:term":[{"taxonomy":"product_brand","embeddable":true,"href":"https:\/\/dlopezartist.es\/en\/wp-json\/wp\/v2\/product_brand?post=230"},{"taxonomy":"product_cat","embeddable":true,"href":"https:\/\/dlopezartist.es\/en\/wp-json\/wp\/v2\/product_cat?post=230"},{"taxonomy":"product_tag","embeddable":true,"href":"https:\/\/dlopezartist.es\/en\/wp-json\/wp\/v2\/product_tag?post=230"}],"curies":[{"name":"wp","href":"https:\/\/api.w.org\/{rel}","templated":true}]}}