{"id":1857,"date":"2023-12-19T10:51:36","date_gmt":"2023-12-19T10:51:36","guid":{"rendered":"https:\/\/dlopezartist.es\/?post_type=product&#038;p=1857"},"modified":"2024-06-10T18:04:56","modified_gmt":"2024-06-10T18:04:56","slug":"panuelo-arte-abstracto-origen","status":"publish","type":"product","link":"https:\/\/dlopezartist.es\/en\/tienda\/panuelos\/panuelo-arte-abstracto-origen\/","title":{"rendered":"Pa\u00f1uelo arte abstracto Origen"},"content":{"rendered":"<p>Descubre el &#8216;Pa\u00f1uelo Arte Abstracto Origen&#8217;, una creaci\u00f3n \u00fanica de <a href=\"https:\/\/www.tiktok.com\/@dlopezartist\">D. L\u00f3pez<\/a>. A\u00f1ade este elegante accesorio a tu colecci\u00f3n y lleva el arte a tu estilo diario, la belleza del arte llevada a la moda con nuestra exclusiva colecci\u00f3n de pa\u00f1uelos de seda, inspirada en dos de mis obras m\u00e1s emblem\u00e1ticas: <a href=\"https:\/\/dlopezartist.es\/en\/tienda\/panuelos\/panuelo-arte-abstracto-fresh\/\">\u00abFresh\u00bb<\/a> y \u00abOrigen\u00bb. Estos pa\u00f1uelos no son solo accesorios, son lienzos port\u00e1tiles que capturan la esencia y la pasi\u00f3n de la pintura original.<\/p>\n<p>Rindiendo homenaje a mi primer lienzo, este dise\u00f1o captura los inicios de un viaje art\u00edstico. Con un estilo m\u00e1s introspectivo y significativo, es perfecto para aquellos que buscan un accesorio con historia y profundidad.<\/p>\n<p>&nbsp;<\/p>\n<p>&nbsp;<\/p>","protected":false},"excerpt":{"rendered":"<p>Descubre el &#8216;Pa\u00f1uelo Arte Abstracto Origen&#8217;, una creaci\u00f3n \u00fanica de D. L\u00f3pez. A\u00f1ade este elegante accesorio a tu colecci\u00f3n y lleva el arte a tu estilo diario, la belleza del arte llevada a la moda con nuestra exclusiva colecci\u00f3n de pa\u00f1uelos de seda, inspirada en dos de mis obras m\u00e1s emblem\u00e1ticas: \u00abFresh\u00bb y \u00abOrigen\u00bb. Estos [&hellip;]<\/p>","protected":false},"featured_media":1941,"template":"","meta":{"_uf_show_specific_survey":0,"_uf_disable_surveys":false,"site-sidebar-layout":"default","site-content-layout":"default","ast-site-content-layout":"default","site-content-style":"default","site-sidebar-style":"default","ast-global-header-display":"","ast-banner-title-visibility":"","ast-main-header-display":"","ast-hfb-above-header-display":"","ast-hfb-below-header-display":"","ast-hfb-mobile-header-display":"","site-post-title":"","ast-breadcrumbs-content":"","ast-featured-img":"","footer-sml-layout":"","theme-transparent-header-meta":"default","adv-header-id-meta":"","stick-header-meta":"","header-above-stick-meta":"","header-main-stick-meta":"","header-below-stick-meta":"","astra-migrate-meta-layouts":"set","ast-page-background-enabled":"default","ast-page-background-meta":{"desktop":{"background-color":"var(--ast-global-color-4)","background-image":"","background-repeat":"repeat","background-position":"center center","background-size":"auto","background-attachment":"scroll","background-type":"","background-media":"","overlay-type":"","overlay-color":"","overlay-opacity":"","overlay-gradient":""},"tablet":{"background-color":"","background-image":"","background-repeat":"repeat","background-position":"center center","background-size":"auto","background-attachment":"scroll","background-type":"","background-media":"","overlay-type":"","overlay-color":"","overlay-opacity":"","overlay-gradient":""},"mobile":{"background-color":"","background-image":"","background-repeat":"repeat","background-position":"center center","background-size":"auto","background-attachment":"scroll","background-type":"","background-media":"","overlay-type":"","overlay-color":"","overlay-opacity":"","overlay-gradient":""}},"ast-content-background-meta":{"desktop":{"background-color":"var(--ast-global-color-5)","background-image":"","background-repeat":"repeat","background-position":"center center","background-size":"auto","background-attachment":"scroll","background-type":"","background-media":"","overlay-type":"","overlay-color":"","overlay-opacity":"","overlay-gradient":""},"tablet":{"background-color":"var(--ast-global-color-5)","background-image":"","background-repeat":"repeat","background-position":"center center","background-size":"auto","background-attachment":"scroll","background-type":"","background-media":"","overlay-type":"","overlay-color":"","overlay-opacity":"","overlay-gradient":""},"mobile":{"background-color":"var(--ast-global-color-5)","background-image":"","background-repeat":"repeat","background-position":"center center","background-size":"auto","background-attachment":"scroll","background-type":"","background-media":"","overlay-type":"","overlay-color":"","overlay-opacity":"","overlay-gradient":""}}},"product_brand":[],"product_cat":[27],"product_tag":[],"class_list":{"0":"post-1857","1":"product","2":"type-product","3":"status-publish","4":"has-post-thumbnail","6":"product_cat-panuelos","7":"product_shipping_class-tela","8":"desktop-align-left","9":"tablet-align-left","10":"mobile-align-left","12":"first","13":"instock","14":"taxable","15":"shipping-taxable","16":"purchasable","17":"product-type-simple"},"aioseo_notices":[],"_links":{"self":[{"href":"https:\/\/dlopezartist.es\/en\/wp-json\/wp\/v2\/product\/1857","targetHints":{"allow":["GET"]}}],"collection":[{"href":"https:\/\/dlopezartist.es\/en\/wp-json\/wp\/v2\/product"}],"about":[{"href":"https:\/\/dlopezartist.es\/en\/wp-json\/wp\/v2\/types\/product"}],"wp:featuredmedia":[{"embeddable":true,"href":"https:\/\/dlopezartist.es\/en\/wp-json\/wp\/v2\/media\/1941"}],"wp:attachment":[{"href":"https:\/\/dlopezartist.es\/en\/wp-json\/wp\/v2\/media?parent=1857"}],"wp:term":[{"taxonomy":"product_brand","embeddable":true,"href":"https:\/\/dlopezartist.es\/en\/wp-json\/wp\/v2\/product_brand?post=1857"},{"taxonomy":"product_cat","embeddable":true,"href":"https:\/\/dlopezartist.es\/en\/wp-json\/wp\/v2\/product_cat?post=1857"},{"taxonomy":"product_tag","embeddable":true,"href":"https:\/\/dlopezartist.es\/en\/wp-json\/wp\/v2\/product_tag?post=1857"}],"curies":[{"name":"wp","href":"https:\/\/api.w.org\/{rel}","templated":true}]}}