{"id":1855,"date":"2023-12-19T10:40:54","date_gmt":"2023-12-19T10:40:54","guid":{"rendered":"https:\/\/dlopezartist.es\/?post_type=product&#038;p=1855"},"modified":"2024-09-09T12:54:59","modified_gmt":"2024-09-09T12:54:59","slug":"panuelo-arte-abstracto-fresh","status":"publish","type":"product","link":"https:\/\/dlopezartist.es\/en\/tienda\/panuelos\/panuelo-arte-abstracto-fresh\/","title":{"rendered":"Pa\u00f1uelo arte abstracto Fresh"},"content":{"rendered":"<p><strong>Pa\u00f1uelo Arte Abstracto Fresh &#8211; Colecci\u00f3n de Pa\u00f1uelos \u00abFresh\u00bb y \u00abOrigen\u00bb &#8211; Arte Convertido en Moda<\/strong><\/p>\n<p>Descubre la belleza del arte llevada a la moda con nuestra exclusiva colecci\u00f3n de pa\u00f1uelos de seda, inspirada en dos de mis obras m\u00e1s emblem\u00e1ticas: \u00abFresh\u00bb y \u00abOrigen\u00bb. Estos pa\u00f1uelos no son solo accesorios, son lienzos port\u00e1tiles que capturan la esencia y la pasi\u00f3n de la pintura original.<\/p>\n<p>Inspirado en el vibrante cuadro <a href=\"https:\/\/dlopezartist.es\/en\/tienda\/ultravioleta\/fresh\/\">Fresh<\/a>, este pa\u00f1uelo es un estallido de colores y formas, reflejando una atm\u00f3sfera fresca y vivaz. Ideal para a\u00f1adir un toque de color y energ\u00eda a cualquier atuendo. <a href=\"https:\/\/www.tiktok.com\/@dlopezartist\">@dlopezartist<\/a><\/p>","protected":false},"excerpt":{"rendered":"<p>Pa\u00f1uelo Arte Abstracto Fresh &#8211; Colecci\u00f3n de Pa\u00f1uelos \u00abFresh\u00bb y \u00abOrigen\u00bb &#8211; Arte Convertido en Moda Descubre la belleza del arte llevada a la moda con nuestra exclusiva colecci\u00f3n de pa\u00f1uelos de seda, inspirada en dos de mis obras m\u00e1s emblem\u00e1ticas: \u00abFresh\u00bb y \u00abOrigen\u00bb. Estos pa\u00f1uelos no son solo accesorios, son lienzos port\u00e1tiles que capturan [&hellip;]<\/p>","protected":false},"featured_media":1939,"template":"","meta":{"_uf_show_specific_survey":0,"_uf_disable_surveys":false,"site-sidebar-layout":"default","site-content-layout":"default","ast-site-content-layout":"default","site-content-style":"default","site-sidebar-style":"default","ast-global-header-display":"","ast-banner-title-visibility":"","ast-main-header-display":"","ast-hfb-above-header-display":"","ast-hfb-below-header-display":"","ast-hfb-mobile-header-display":"","site-post-title":"","ast-breadcrumbs-content":"","ast-featured-img":"","footer-sml-layout":"","theme-transparent-header-meta":"default","adv-header-id-meta":"","stick-header-meta":"","header-above-stick-meta":"","header-main-stick-meta":"","header-below-stick-meta":"","astra-migrate-meta-layouts":"set","ast-page-background-enabled":"default","ast-page-background-meta":{"desktop":{"background-color":"var(--ast-global-color-4)","background-image":"","background-repeat":"repeat","background-position":"center center","background-size":"auto","background-attachment":"scroll","background-type":"","background-media":"","overlay-type":"","overlay-color":"","overlay-opacity":"","overlay-gradient":""},"tablet":{"background-color":"","background-image":"","background-repeat":"repeat","background-position":"center center","background-size":"auto","background-attachment":"scroll","background-type":"","background-media":"","overlay-type":"","overlay-color":"","overlay-opacity":"","overlay-gradient":""},"mobile":{"background-color":"","background-image":"","background-repeat":"repeat","background-position":"center center","background-size":"auto","background-attachment":"scroll","background-type":"","background-media":"","overlay-type":"","overlay-color":"","overlay-opacity":"","overlay-gradient":""}},"ast-content-background-meta":{"desktop":{"background-color":"var(--ast-global-color-5)","background-image":"","background-repeat":"repeat","background-position":"center center","background-size":"auto","background-attachment":"scroll","background-type":"","background-media":"","overlay-type":"","overlay-color":"","overlay-opacity":"","overlay-gradient":""},"tablet":{"background-color":"var(--ast-global-color-5)","background-image":"","background-repeat":"repeat","background-position":"center center","background-size":"auto","background-attachment":"scroll","background-type":"","background-media":"","overlay-type":"","overlay-color":"","overlay-opacity":"","overlay-gradient":""},"mobile":{"background-color":"var(--ast-global-color-5)","background-image":"","background-repeat":"repeat","background-position":"center center","background-size":"auto","background-attachment":"scroll","background-type":"","background-media":"","overlay-type":"","overlay-color":"","overlay-opacity":"","overlay-gradient":""}}},"product_brand":[],"product_cat":[27],"product_tag":[],"class_list":{"0":"post-1855","1":"product","2":"type-product","3":"status-publish","4":"has-post-thumbnail","6":"product_cat-panuelos","7":"product_shipping_class-tela","8":"desktop-align-left","9":"tablet-align-left","10":"mobile-align-left","12":"first","13":"instock","14":"taxable","15":"shipping-taxable","16":"purchasable","17":"product-type-simple"},"aioseo_notices":[],"_links":{"self":[{"href":"https:\/\/dlopezartist.es\/en\/wp-json\/wp\/v2\/product\/1855","targetHints":{"allow":["GET"]}}],"collection":[{"href":"https:\/\/dlopezartist.es\/en\/wp-json\/wp\/v2\/product"}],"about":[{"href":"https:\/\/dlopezartist.es\/en\/wp-json\/wp\/v2\/types\/product"}],"wp:featuredmedia":[{"embeddable":true,"href":"https:\/\/dlopezartist.es\/en\/wp-json\/wp\/v2\/media\/1939"}],"wp:attachment":[{"href":"https:\/\/dlopezartist.es\/en\/wp-json\/wp\/v2\/media?parent=1855"}],"wp:term":[{"taxonomy":"product_brand","embeddable":true,"href":"https:\/\/dlopezartist.es\/en\/wp-json\/wp\/v2\/product_brand?post=1855"},{"taxonomy":"product_cat","embeddable":true,"href":"https:\/\/dlopezartist.es\/en\/wp-json\/wp\/v2\/product_cat?post=1855"},{"taxonomy":"product_tag","embeddable":true,"href":"https:\/\/dlopezartist.es\/en\/wp-json\/wp\/v2\/product_tag?post=1855"}],"curies":[{"name":"wp","href":"https:\/\/api.w.org\/{rel}","templated":true}]}}