{"id":956,"date":"2023-05-26T11:26:51","date_gmt":"2023-05-26T11:26:51","guid":{"rendered":"https:\/\/dlopezartist.es\/?page_id=956"},"modified":"2024-06-10T16:29:11","modified_gmt":"2024-06-10T16:29:11","slug":"compra-finalizada","status":"publish","type":"page","link":"https:\/\/dlopezartist.es\/en\/compra-finalizada\/","title":{"rendered":"Gracias por la compra"},"content":{"rendered":"<div data-elementor-type=\"wp-page\" data-elementor-id=\"956\" class=\"elementor elementor-956\" data-elementor-post-type=\"page\">\n\t\t\t\t\t\t<section class=\"elementor-section elementor-top-section elementor-element elementor-element-8fc3e66 elementor-section-boxed elementor-section-height-default elementor-section-height-default\" data-id=\"8fc3e66\" data-element_type=\"section\" data-settings=\"{&quot;background_background&quot;:&quot;gradient&quot;}\">\n\t\t\t\t\t\t<div class=\"elementor-container elementor-column-gap-default\">\n\t\t\t\t\t<div class=\"elementor-column elementor-col-100 elementor-top-column elementor-element elementor-element-feff3af\" data-id=\"feff3af\" data-element_type=\"column\">\n\t\t\t<div class=\"elementor-widget-wrap elementor-element-populated\">\n\t\t\t\t\t\t<div class=\"elementor-element elementor-element-8a194da elementor-widget elementor-widget-heading\" data-id=\"8a194da\" data-element_type=\"widget\" data-widget_type=\"heading.default\">\n\t\t\t\t\t<h1 class=\"elementor-heading-title elementor-size-default\">\u00a1Compra Finalizada!<\/h1>\t\t\t\t<\/div>\n\t\t\t\t<div class=\"elementor-element elementor-element-5da1681 elementor-widget elementor-widget-heading\" data-id=\"5da1681\" data-element_type=\"widget\" data-widget_type=\"heading.default\">\n\t\t\t\t\t<h3 class=\"elementor-heading-title elementor-size-default\">Cualquier duda puedes escribirnos al correo electr\u00f3nico: hola@dlopezartist.es<\/h3>\t\t\t\t<\/div>\n\t\t\t\t<div class=\"elementor-element elementor-element-ae5ee23 elementor-widget elementor-widget-text-editor\" data-id=\"ae5ee23\" data-element_type=\"widget\" data-widget_type=\"text-editor.default\">\n\t\t\t\t\t\t\t\t\t<h3><a href=\"https:\/\/www.instagram.com\/dlopezartist\/\">@dlopezartist<\/a><\/h3>\t\t\t\t\t\t\t\t<\/div>\n\t\t\t\t<div class=\"elementor-element elementor-element-c2dc80d elementor-widget elementor-widget-heading\" data-id=\"c2dc80d\" data-element_type=\"widget\" data-widget_type=\"heading.default\">\n\t\t\t\t\t<p class=\"elementor-heading-title elementor-size-default\">\u00a1Gracias por tu compra en D. L\u00f3pez!<br><br>\n\nQueremos agradecerte sinceramente por tu reciente compra en D. L\u00f3pez. Nos complace enormemente que hayas elegido nuestras obras de arte para embellecer tu espacio. Tu transacci\u00f3n ha sido completada con \u00e9xito y estamos emocionados de que formes parte de nuestra comunidad de amantes del arte.<br><br>\n\n\u00bfQu\u00e9 puedes hacer ahora?<br><br>\n\nExplora m\u00e1s obras:<br> Visita nuestra galer\u00eda en l\u00ednea para descubrir m\u00e1s piezas impresionantes.<br><br>\nCon\u00e9ctate con nosotros: <br>S\u00edguenos en nuestras redes sociales para estar al tanto de nuestras \u00faltimas novedades y pr\u00f3ximas exposiciones.\n<br><br>Comparte tu experiencia:<br> Nos encantar\u00eda ver c\u00f3mo luce tu nueva adquisici\u00f3n. Etiqu\u00e9tanos en tus publicaciones o env\u00edanos una foto.<br><br>\nSi tienes alguna pregunta o necesitas asistencia adicional, no dudes en contactarnos. Estamos aqu\u00ed para ayudarte y asegurarnos de que tu experiencia con nosotros sea excelente.\n\n<br>Una vez m\u00e1s, gracias por tu confianza y apoyo. Esperamos seguir contando contigo en el futuro.\n\n<br>Atentamente,\n\n<br>D. L\u00f3pez\n\n<\/p>\t\t\t\t<\/div>\n\t\t\t\t<div class=\"elementor-element elementor-element-bbac507 elementor-widget elementor-widget-heading\" data-id=\"bbac507\" data-element_type=\"widget\" data-widget_type=\"heading.default\">\n\t\t\t\t\t<h3 class=\"elementor-heading-title elementor-size-default\"><a href=\"https:\/\/dlopezartist.es\/en\/galeria\/\">Muy pronto tendr\u00e1s tu pedido preparado, descubre m\u00e1s obras de arte y continua explorando nuestra colecci\u00f3n exclusiva. Muchas gracias por tu compra.<\/a><\/h3>\t\t\t\t<\/div>\n\t\t\t\t\t<\/div>\n\t\t<\/div>\n\t\t\t\t\t<\/div>\n\t\t<\/section>\n\t\t\t\t<\/div>","protected":false},"excerpt":{"rendered":"<p>\u00a1Compra Finalizada! Cualquier duda puedes escribirnos al correo electr\u00f3nico: hola@dlopezartist.es @dlopezartist \u00a1Gracias por tu compra en D. L\u00f3pez! Queremos agradecerte sinceramente por tu reciente compra en D. L\u00f3pez. Nos complace enormemente que hayas elegido nuestras obras de arte para embellecer tu espacio. Tu transacci\u00f3n ha sido completada con \u00e9xito y estamos emocionados de que formes [&hellip;]<\/p>","protected":false},"author":1,"featured_media":0,"parent":0,"menu_order":0,"comment_status":"closed","ping_status":"closed","template":"","meta":{"_uf_show_specific_survey":0,"_uf_disable_surveys":false,"site-sidebar-layout":"no-sidebar","site-content-layout":"page-builder","ast-site-content-layout":"full-width-container","site-content-style":"unboxed","site-sidebar-style":"unboxed","ast-global-header-display":"","ast-banner-title-visibility":"","ast-main-header-display":"","ast-hfb-above-header-display":"","ast-hfb-below-header-display":"","ast-hfb-mobile-header-display":"","site-post-title":"disabled","ast-breadcrumbs-content":"","ast-featured-img":"disabled","footer-sml-layout":"","theme-transparent-header-meta":"default","adv-header-id-meta":"","stick-header-meta":"","header-above-stick-meta":"","header-main-stick-meta":"","header-below-stick-meta":"","astra-migrate-meta-layouts":"set","ast-page-background-enabled":"default","ast-page-background-meta":{"desktop":{"background-color":"var(--ast-global-color-4)","background-image":"","background-repeat":"repeat","background-position":"center center","background-size":"auto","background-attachment":"scroll","background-type":"","background-media":"","overlay-type":"","overlay-color":"","overlay-opacity":"","overlay-gradient":""},"tablet":{"background-color":"","background-image":"","background-repeat":"repeat","background-position":"center center","background-size":"auto","background-attachment":"scroll","background-type":"","background-media":"","overlay-type":"","overlay-color":"","overlay-opacity":"","overlay-gradient":""},"mobile":{"background-color":"","background-image":"","background-repeat":"repeat","background-position":"center center","background-size":"auto","background-attachment":"scroll","background-type":"","background-media":"","overlay-type":"","overlay-color":"","overlay-opacity":"","overlay-gradient":""}},"ast-content-background-meta":{"desktop":{"background-color":"var(--ast-global-color-5)","background-image":"","background-repeat":"repeat","background-position":"center center","background-size":"auto","background-attachment":"scroll","background-type":"","background-media":"","overlay-type":"","overlay-color":"","overlay-opacity":"","overlay-gradient":""},"tablet":{"background-color":"var(--ast-global-color-5)","background-image":"","background-repeat":"repeat","background-position":"center center","background-size":"auto","background-attachment":"scroll","background-type":"","background-media":"","overlay-type":"","overlay-color":"","overlay-opacity":"","overlay-gradient":""},"mobile":{"background-color":"var(--ast-global-color-5)","background-image":"","background-repeat":"repeat","background-position":"center center","background-size":"auto","background-attachment":"scroll","background-type":"","background-media":"","overlay-type":"","overlay-color":"","overlay-opacity":"","overlay-gradient":""}},"footnotes":""},"class_list":["post-956","page","type-page","status-publish","hentry"],"aioseo_notices":[],"_links":{"self":[{"href":"https:\/\/dlopezartist.es\/en\/wp-json\/wp\/v2\/pages\/956","targetHints":{"allow":["GET"]}}],"collection":[{"href":"https:\/\/dlopezartist.es\/en\/wp-json\/wp\/v2\/pages"}],"about":[{"href":"https:\/\/dlopezartist.es\/en\/wp-json\/wp\/v2\/types\/page"}],"author":[{"embeddable":true,"href":"https:\/\/dlopezartist.es\/en\/wp-json\/wp\/v2\/users\/1"}],"replies":[{"embeddable":true,"href":"https:\/\/dlopezartist.es\/en\/wp-json\/wp\/v2\/comments?post=956"}],"version-history":[{"count":42,"href":"https:\/\/dlopezartist.es\/en\/wp-json\/wp\/v2\/pages\/956\/revisions"}],"predecessor-version":[{"id":2594,"href":"https:\/\/dlopezartist.es\/en\/wp-json\/wp\/v2\/pages\/956\/revisions\/2594"}],"wp:attachment":[{"href":"https:\/\/dlopezartist.es\/en\/wp-json\/wp\/v2\/media?parent=956"}],"curies":[{"name":"wp","href":"https:\/\/api.w.org\/{rel}","templated":true}]}}